{"id":9005,"date":"2021-11-23T12:29:49","date_gmt":"2021-11-23T11:29:49","guid":{"rendered":"http:\/\/kasana.bio\/cashew-nuts\/chili\/"},"modified":"2022-05-30T08:49:00","modified_gmt":"2022-05-30T06:49:00","slug":"chili","status":"publish","type":"page","link":"https:\/\/kasana.bio\/en\/product\/cashew-nuts\/chili\/","title":{"rendered":"Chili"},"content":{"rendered":"\n<p>Do you like chili? Then you&#8217;ll love our chili roasted cashew nuts! Deliciously spicy and hot, they will quickly become a must-have for your get-together with friends.<\/p>\n\n<p>Our cashew nuts are harvested and shelled in Burkina Faso by a cooperative of 300 local producers. They are then transported to our workshop in Belgium, where they are roasted without oil and seasoned with 100% natural ingredients. The healthy appetizer that everyone loves!<\/p>\n","protected":false},"excerpt":{"rendered":"<p>Do you like chili? Then you&#8217;ll love our chili roasted cashew nuts! Deliciously spicy and hot, they will quickly become a must-have for your get-together with friends. Our cashew nuts are harvested and shelled in Burkina Faso by a cooperative of 300 local producers. They are then transported to our workshop in Belgium, where they [&hellip;]<\/p>\n","protected":false},"author":2,"featured_media":8680,"parent":8979,"menu_order":5,"comment_status":"closed","ping_status":"closed","template":"template\/template_produits.php","meta":{"_acf_changed":false,"footnotes":""},"categories":[30,36],"tags":[],"class_list":["post-9005","page","type-page","status-publish","has-post-thumbnail","hentry","category-noix-de-cajou-aperitives","category-roasted-cashew"],"acf":[],"yoast_head":"<!-- This site is optimized with the Yoast SEO plugin v24.5 - https:\/\/yoast.com\/wordpress\/plugins\/seo\/ -->\n<title>Noix de Cajou Grill\u00e9es au Chili - Kasana Bio<\/title>\n<meta name=\"description\" content=\"Les noix de cajou grill\u00e9es au chili de Kasana sont disponibles en sachets de 165g ou en seaux consign\u00e9s de 6kg. En savoir plus sur nos cha\u00eenes d&#039;approvisionnement au Burkina Faso.\" \/>\n<meta name=\"robots\" content=\"index, follow, max-snippet:-1, max-image-preview:large, max-video-preview:-1\" \/>\n<link rel=\"canonical\" href=\"https:\/\/kasana.bio\/en\/product\/cashew-nuts\/chili\/\" \/>\n<meta property=\"og:locale\" content=\"en_US\" \/>\n<meta property=\"og:type\" content=\"article\" \/>\n<meta property=\"og:title\" content=\"Noix de Cajou Grill\u00e9es au Chili - Kasana Bio\" \/>\n<meta property=\"og:description\" content=\"Les noix de cajou grill\u00e9es au chili de Kasana sont disponibles en sachets de 165g ou en seaux consign\u00e9s de 6kg. En savoir plus sur nos cha\u00eenes d&#039;approvisionnement au Burkina Faso.\" \/>\n<meta property=\"og:url\" content=\"https:\/\/kasana.bio\/en\/product\/cashew-nuts\/chili\/\" \/>\n<meta property=\"og:site_name\" content=\"Kasana Bio\" \/>\n<meta property=\"article:modified_time\" content=\"2022-05-30T06:49:00+00:00\" \/>\n<meta property=\"og:image\" content=\"https:\/\/kasana.bio\/wp-content\/uploads\/2022\/01\/Chili_transparent-859x1024.png\" \/>\n\t<meta property=\"og:image:width\" content=\"859\" \/>\n\t<meta property=\"og:image:height\" content=\"1024\" \/>\n\t<meta property=\"og:image:type\" content=\"image\/png\" \/>\n<meta name=\"twitter:card\" content=\"summary_large_image\" \/>\n<meta name=\"twitter:label1\" content=\"Est. reading time\" \/>\n\t<meta name=\"twitter:data1\" content=\"1 minute\" \/>\n<script type=\"application\/ld+json\" class=\"yoast-schema-graph\">{\"@context\":\"https:\/\/schema.org\",\"@graph\":[{\"@type\":\"WebPage\",\"@id\":\"https:\/\/kasana.bio\/en\/product\/cashew-nuts\/chili\/\",\"url\":\"https:\/\/kasana.bio\/en\/product\/cashew-nuts\/chili\/\",\"name\":\"Noix de Cajou Grill\u00e9es au Chili - Kasana Bio\",\"isPartOf\":{\"@id\":\"https:\/\/kasana.bio\/en\/#website\"},\"primaryImageOfPage\":{\"@id\":\"https:\/\/kasana.bio\/en\/product\/cashew-nuts\/chili\/#primaryimage\"},\"image\":{\"@id\":\"https:\/\/kasana.bio\/en\/product\/cashew-nuts\/chili\/#primaryimage\"},\"thumbnailUrl\":\"https:\/\/kasana.bio\/wp-content\/uploads\/2022\/01\/Noix-de-cajou-grillees-au-Chili.png\",\"datePublished\":\"2021-11-23T11:29:49+00:00\",\"dateModified\":\"2022-05-30T06:49:00+00:00\",\"description\":\"Les noix de cajou grill\u00e9es au chili de Kasana sont disponibles en sachets de 165g ou en seaux consign\u00e9s de 6kg. En savoir plus sur nos cha\u00eenes d'approvisionnement au Burkina Faso.\",\"breadcrumb\":{\"@id\":\"https:\/\/kasana.bio\/en\/product\/cashew-nuts\/chili\/#breadcrumb\"},\"inLanguage\":\"en-US\",\"potentialAction\":[{\"@type\":\"ReadAction\",\"target\":[\"https:\/\/kasana.bio\/en\/product\/cashew-nuts\/chili\/\"]}]},{\"@type\":\"ImageObject\",\"inLanguage\":\"en-US\",\"@id\":\"https:\/\/kasana.bio\/en\/product\/cashew-nuts\/chili\/#primaryimage\",\"url\":\"https:\/\/kasana.bio\/wp-content\/uploads\/2022\/01\/Noix-de-cajou-grillees-au-Chili.png\",\"contentUrl\":\"https:\/\/kasana.bio\/wp-content\/uploads\/2022\/01\/Noix-de-cajou-grillees-au-Chili.png\",\"width\":3402,\"height\":4054,\"caption\":\"Noix de cajou grill\u00e9es au Chili\"},{\"@type\":\"BreadcrumbList\",\"@id\":\"https:\/\/kasana.bio\/en\/product\/cashew-nuts\/chili\/#breadcrumb\",\"itemListElement\":[{\"@type\":\"ListItem\",\"position\":1,\"name\":\"Accueil\",\"item\":\"https:\/\/kasana.bio\/en\/\"},{\"@type\":\"ListItem\",\"position\":2,\"name\":\"Product\",\"item\":\"https:\/\/kasana.bio\/en\/product\/\"},{\"@type\":\"ListItem\",\"position\":3,\"name\":\"CASHEW NOTEN\",\"item\":\"https:\/\/kasana.bio\/en\/product\/cashew-nuts\/\"},{\"@type\":\"ListItem\",\"position\":4,\"name\":\"Chili\"}]},{\"@type\":\"WebSite\",\"@id\":\"https:\/\/kasana.bio\/en\/#website\",\"url\":\"https:\/\/kasana.bio\/en\/\",\"name\":\"Kasana Bio\",\"description\":\"\",\"publisher\":{\"@id\":\"https:\/\/kasana.bio\/en\/#organization\"},\"potentialAction\":[{\"@type\":\"SearchAction\",\"target\":{\"@type\":\"EntryPoint\",\"urlTemplate\":\"https:\/\/kasana.bio\/en\/?s={search_term_string}\"},\"query-input\":{\"@type\":\"PropertyValueSpecification\",\"valueRequired\":true,\"valueName\":\"search_term_string\"}}],\"inLanguage\":\"en-US\"},{\"@type\":\"Organization\",\"@id\":\"https:\/\/kasana.bio\/en\/#organization\",\"name\":\"Kasana Bio\",\"url\":\"https:\/\/kasana.bio\/en\/\",\"logo\":{\"@type\":\"ImageObject\",\"inLanguage\":\"en-US\",\"@id\":\"https:\/\/kasana.bio\/en\/#\/schema\/logo\/image\/\",\"url\":\"https:\/\/kasana.bio\/wp-content\/uploads\/2021\/12\/Kasana-importateur-fruits-secs-bio.png\",\"contentUrl\":\"https:\/\/kasana.bio\/wp-content\/uploads\/2021\/12\/Kasana-importateur-fruits-secs-bio.png\",\"width\":7351,\"height\":1400,\"caption\":\"Kasana Bio\"},\"image\":{\"@id\":\"https:\/\/kasana.bio\/en\/#\/schema\/logo\/image\/\"}}]}<\/script>\n<!-- \/ Yoast SEO plugin. -->","yoast_head_json":{"title":"Noix de Cajou Grill\u00e9es au Chili - Kasana Bio","description":"Les noix de cajou grill\u00e9es au chili de Kasana sont disponibles en sachets de 165g ou en seaux consign\u00e9s de 6kg. En savoir plus sur nos cha\u00eenes d'approvisionnement au Burkina Faso.","robots":{"index":"index","follow":"follow","max-snippet":"max-snippet:-1","max-image-preview":"max-image-preview:large","max-video-preview":"max-video-preview:-1"},"canonical":"https:\/\/kasana.bio\/en\/product\/cashew-nuts\/chili\/","og_locale":"en_US","og_type":"article","og_title":"Noix de Cajou Grill\u00e9es au Chili - Kasana Bio","og_description":"Les noix de cajou grill\u00e9es au chili de Kasana sont disponibles en sachets de 165g ou en seaux consign\u00e9s de 6kg. En savoir plus sur nos cha\u00eenes d'approvisionnement au Burkina Faso.","og_url":"https:\/\/kasana.bio\/en\/product\/cashew-nuts\/chili\/","og_site_name":"Kasana Bio","article_modified_time":"2022-05-30T06:49:00+00:00","og_image":[{"width":859,"height":1024,"url":"https:\/\/kasana.bio\/wp-content\/uploads\/2022\/01\/Chili_transparent-859x1024.png","type":"image\/png"}],"twitter_card":"summary_large_image","twitter_misc":{"Est. reading time":"1 minute"},"schema":{"@context":"https:\/\/schema.org","@graph":[{"@type":"WebPage","@id":"https:\/\/kasana.bio\/en\/product\/cashew-nuts\/chili\/","url":"https:\/\/kasana.bio\/en\/product\/cashew-nuts\/chili\/","name":"Noix de Cajou Grill\u00e9es au Chili - Kasana Bio","isPartOf":{"@id":"https:\/\/kasana.bio\/en\/#website"},"primaryImageOfPage":{"@id":"https:\/\/kasana.bio\/en\/product\/cashew-nuts\/chili\/#primaryimage"},"image":{"@id":"https:\/\/kasana.bio\/en\/product\/cashew-nuts\/chili\/#primaryimage"},"thumbnailUrl":"https:\/\/kasana.bio\/wp-content\/uploads\/2022\/01\/Noix-de-cajou-grillees-au-Chili.png","datePublished":"2021-11-23T11:29:49+00:00","dateModified":"2022-05-30T06:49:00+00:00","description":"Les noix de cajou grill\u00e9es au chili de Kasana sont disponibles en sachets de 165g ou en seaux consign\u00e9s de 6kg. En savoir plus sur nos cha\u00eenes d'approvisionnement au Burkina Faso.","breadcrumb":{"@id":"https:\/\/kasana.bio\/en\/product\/cashew-nuts\/chili\/#breadcrumb"},"inLanguage":"en-US","potentialAction":[{"@type":"ReadAction","target":["https:\/\/kasana.bio\/en\/product\/cashew-nuts\/chili\/"]}]},{"@type":"ImageObject","inLanguage":"en-US","@id":"https:\/\/kasana.bio\/en\/product\/cashew-nuts\/chili\/#primaryimage","url":"https:\/\/kasana.bio\/wp-content\/uploads\/2022\/01\/Noix-de-cajou-grillees-au-Chili.png","contentUrl":"https:\/\/kasana.bio\/wp-content\/uploads\/2022\/01\/Noix-de-cajou-grillees-au-Chili.png","width":3402,"height":4054,"caption":"Noix de cajou grill\u00e9es au Chili"},{"@type":"BreadcrumbList","@id":"https:\/\/kasana.bio\/en\/product\/cashew-nuts\/chili\/#breadcrumb","itemListElement":[{"@type":"ListItem","position":1,"name":"Accueil","item":"https:\/\/kasana.bio\/en\/"},{"@type":"ListItem","position":2,"name":"Product","item":"https:\/\/kasana.bio\/en\/product\/"},{"@type":"ListItem","position":3,"name":"CASHEW NOTEN","item":"https:\/\/kasana.bio\/en\/product\/cashew-nuts\/"},{"@type":"ListItem","position":4,"name":"Chili"}]},{"@type":"WebSite","@id":"https:\/\/kasana.bio\/en\/#website","url":"https:\/\/kasana.bio\/en\/","name":"Kasana Bio","description":"","publisher":{"@id":"https:\/\/kasana.bio\/en\/#organization"},"potentialAction":[{"@type":"SearchAction","target":{"@type":"EntryPoint","urlTemplate":"https:\/\/kasana.bio\/en\/?s={search_term_string}"},"query-input":{"@type":"PropertyValueSpecification","valueRequired":true,"valueName":"search_term_string"}}],"inLanguage":"en-US"},{"@type":"Organization","@id":"https:\/\/kasana.bio\/en\/#organization","name":"Kasana Bio","url":"https:\/\/kasana.bio\/en\/","logo":{"@type":"ImageObject","inLanguage":"en-US","@id":"https:\/\/kasana.bio\/en\/#\/schema\/logo\/image\/","url":"https:\/\/kasana.bio\/wp-content\/uploads\/2021\/12\/Kasana-importateur-fruits-secs-bio.png","contentUrl":"https:\/\/kasana.bio\/wp-content\/uploads\/2021\/12\/Kasana-importateur-fruits-secs-bio.png","width":7351,"height":1400,"caption":"Kasana Bio"},"image":{"@id":"https:\/\/kasana.bio\/en\/#\/schema\/logo\/image\/"}}]}},"_links":{"self":[{"href":"https:\/\/kasana.bio\/en\/wp-json\/wp\/v2\/pages\/9005","targetHints":{"allow":["GET"]}}],"collection":[{"href":"https:\/\/kasana.bio\/en\/wp-json\/wp\/v2\/pages"}],"about":[{"href":"https:\/\/kasana.bio\/en\/wp-json\/wp\/v2\/types\/page"}],"author":[{"embeddable":true,"href":"https:\/\/kasana.bio\/en\/wp-json\/wp\/v2\/users\/2"}],"replies":[{"embeddable":true,"href":"https:\/\/kasana.bio\/en\/wp-json\/wp\/v2\/comments?post=9005"}],"version-history":[{"count":0,"href":"https:\/\/kasana.bio\/en\/wp-json\/wp\/v2\/pages\/9005\/revisions"}],"up":[{"embeddable":true,"href":"https:\/\/kasana.bio\/en\/wp-json\/wp\/v2\/pages\/8979"}],"wp:featuredmedia":[{"embeddable":true,"href":"https:\/\/kasana.bio\/en\/wp-json\/wp\/v2\/media\/8680"}],"wp:attachment":[{"href":"https:\/\/kasana.bio\/en\/wp-json\/wp\/v2\/media?parent=9005"}],"wp:term":[{"taxonomy":"category","embeddable":true,"href":"https:\/\/kasana.bio\/en\/wp-json\/wp\/v2\/categories?post=9005"},{"taxonomy":"post_tag","embeddable":true,"href":"https:\/\/kasana.bio\/en\/wp-json\/wp\/v2\/tags?post=9005"}],"curies":[{"name":"wp","href":"https:\/\/api.w.org\/{rel}","templated":true}]}}