{"id":9344,"date":"2021-11-17T11:32:04","date_gmt":"2021-11-17T10:32:04","guid":{"rendered":"http:\/\/kasana.bio\/cashewnoot\/biologische\/"},"modified":"2022-10-10T14:27:05","modified_gmt":"2022-10-10T12:27:05","slug":"biologische","status":"publish","type":"page","link":"https:\/\/kasana.bio\/nl\/product\/cashewnoot\/biologische\/","title":{"rendered":"NATUUR"},"content":{"rendered":"\n<p>Onze cashewnoten worden geoogst, gepeld en verpakt in Burkina Faso, in samenwerking met Chouboupi, een co\u00f6peratie van 300 lokale producenten.<\/p>\n\n<p>De gepelde noten worden per boot naar Europa vervoerd, zonder tussenpersonen, en vervolgens opgeslagen in de ateliers van KASANA voordat zij de silo&#8217;s van uw kruidenierswinkel bereiken.<\/p>\n\n<p>Omdat KASANA rechtreeks invoert van bij de producent, geeft het de mogelijkheid onze koolstofvoetafdruk met 12 te delen in vergelijking met de traditionele producten. Het garandeert ook een vast en eerlijk inkomen voor de co\u00f6peratie van Chouboupi en haar producenten.<\/p>\n","protected":false},"excerpt":{"rendered":"<p>Onze cashewnoten worden geoogst, gepeld en verpakt in Burkina Faso, in samenwerking met Chouboupi, een co\u00f6peratie van 300 lokale producenten. De gepelde noten worden per boot naar Europa vervoerd, zonder tussenpersonen, en vervolgens opgeslagen in de ateliers van KASANA voordat zij de silo&#8217;s van uw kruidenierswinkel bereiken. Omdat KASANA rechtreeks invoert van bij de producent, [&hellip;]<\/p>\n","protected":false},"author":2,"featured_media":0,"parent":9286,"menu_order":6,"comment_status":"closed","ping_status":"closed","template":"template\/template_produits.php","meta":{"_acf_changed":false,"footnotes":""},"categories":[43,29],"tags":[],"class_list":["post-9344","page","type-page","status-publish","hentry","category-biologische-hele-cashewnoten","category-noix-de-cajou-bio-nature"],"acf":[],"yoast_head":"<!-- This site is optimized with the Yoast SEO plugin v24.5 - https:\/\/yoast.com\/wordpress\/plugins\/seo\/ -->\n<title>Noix de Cajou Nature enti\u00e8re - Kasana Bio<\/title>\n<meta name=\"description\" content=\"Les noix de cajou nature enti\u00e8re de Kasana sont disponibles en seaux consign\u00e9s de 6kg, en poche de 12kg ou en carton de 24kg.\" \/>\n<meta name=\"robots\" content=\"index, follow, max-snippet:-1, max-image-preview:large, max-video-preview:-1\" \/>\n<link rel=\"canonical\" href=\"https:\/\/kasana.bio\/nl\/product\/cashewnoot\/biologische\/\" \/>\n<meta property=\"og:locale\" content=\"nl_NL\" \/>\n<meta property=\"og:type\" content=\"article\" \/>\n<meta property=\"og:title\" content=\"Noix de Cajou Nature enti\u00e8re - Kasana Bio\" \/>\n<meta property=\"og:description\" content=\"Les noix de cajou nature enti\u00e8re de Kasana sont disponibles en seaux consign\u00e9s de 6kg, en poche de 12kg ou en carton de 24kg.\" \/>\n<meta property=\"og:url\" content=\"https:\/\/kasana.bio\/nl\/product\/cashewnoot\/biologische\/\" \/>\n<meta property=\"og:site_name\" content=\"Kasana Bio\" \/>\n<meta property=\"article:modified_time\" content=\"2022-10-10T12:27:05+00:00\" \/>\n<meta property=\"og:image\" content=\"https:\/\/kasana.bio\/wp-content\/uploads\/2022\/01\/Nature_retouche-1-859x1024.png\" \/>\n\t<meta property=\"og:image:width\" content=\"859\" \/>\n\t<meta property=\"og:image:height\" content=\"1024\" \/>\n\t<meta property=\"og:image:type\" content=\"image\/png\" \/>\n<meta name=\"twitter:card\" content=\"summary_large_image\" \/>\n<script type=\"application\/ld+json\" class=\"yoast-schema-graph\">{\"@context\":\"https:\/\/schema.org\",\"@graph\":[{\"@type\":\"WebPage\",\"@id\":\"https:\/\/kasana.bio\/nl\/product\/cashewnoot\/biologische\/\",\"url\":\"https:\/\/kasana.bio\/nl\/product\/cashewnoot\/biologische\/\",\"name\":\"Noix de Cajou Nature enti\u00e8re - Kasana Bio\",\"isPartOf\":{\"@id\":\"https:\/\/kasana.bio\/nl\/#website\"},\"datePublished\":\"2021-11-17T10:32:04+00:00\",\"dateModified\":\"2022-10-10T12:27:05+00:00\",\"description\":\"Les noix de cajou nature enti\u00e8re de Kasana sont disponibles en seaux consign\u00e9s de 6kg, en poche de 12kg ou en carton de 24kg.\",\"breadcrumb\":{\"@id\":\"https:\/\/kasana.bio\/nl\/product\/cashewnoot\/biologische\/#breadcrumb\"},\"inLanguage\":\"nl\",\"potentialAction\":[{\"@type\":\"ReadAction\",\"target\":[\"https:\/\/kasana.bio\/nl\/product\/cashewnoot\/biologische\/\"]}]},{\"@type\":\"BreadcrumbList\",\"@id\":\"https:\/\/kasana.bio\/nl\/product\/cashewnoot\/biologische\/#breadcrumb\",\"itemListElement\":[{\"@type\":\"ListItem\",\"position\":1,\"name\":\"Accueil\",\"item\":\"https:\/\/kasana.bio\/nl\/\"},{\"@type\":\"ListItem\",\"position\":2,\"name\":\"Product\",\"item\":\"https:\/\/kasana.bio\/nl\/product\/\"},{\"@type\":\"ListItem\",\"position\":3,\"name\":\"CASHEWNOOT\",\"item\":\"https:\/\/kasana.bio\/nl\/product\/cashewnoot\/\"},{\"@type\":\"ListItem\",\"position\":4,\"name\":\"NATUUR\"}]},{\"@type\":\"WebSite\",\"@id\":\"https:\/\/kasana.bio\/nl\/#website\",\"url\":\"https:\/\/kasana.bio\/nl\/\",\"name\":\"Kasana Bio\",\"description\":\"\",\"publisher\":{\"@id\":\"https:\/\/kasana.bio\/nl\/#organization\"},\"potentialAction\":[{\"@type\":\"SearchAction\",\"target\":{\"@type\":\"EntryPoint\",\"urlTemplate\":\"https:\/\/kasana.bio\/nl\/?s={search_term_string}\"},\"query-input\":{\"@type\":\"PropertyValueSpecification\",\"valueRequired\":true,\"valueName\":\"search_term_string\"}}],\"inLanguage\":\"nl\"},{\"@type\":\"Organization\",\"@id\":\"https:\/\/kasana.bio\/nl\/#organization\",\"name\":\"Kasana Bio\",\"url\":\"https:\/\/kasana.bio\/nl\/\",\"logo\":{\"@type\":\"ImageObject\",\"inLanguage\":\"nl\",\"@id\":\"https:\/\/kasana.bio\/nl\/#\/schema\/logo\/image\/\",\"url\":\"https:\/\/kasana.bio\/wp-content\/uploads\/2021\/12\/Kasana-importateur-fruits-secs-bio.png\",\"contentUrl\":\"https:\/\/kasana.bio\/wp-content\/uploads\/2021\/12\/Kasana-importateur-fruits-secs-bio.png\",\"width\":7351,\"height\":1400,\"caption\":\"Kasana Bio\"},\"image\":{\"@id\":\"https:\/\/kasana.bio\/nl\/#\/schema\/logo\/image\/\"}}]}<\/script>\n<!-- \/ Yoast SEO plugin. -->","yoast_head_json":{"title":"Noix de Cajou Nature enti\u00e8re - Kasana Bio","description":"Les noix de cajou nature enti\u00e8re de Kasana sont disponibles en seaux consign\u00e9s de 6kg, en poche de 12kg ou en carton de 24kg.","robots":{"index":"index","follow":"follow","max-snippet":"max-snippet:-1","max-image-preview":"max-image-preview:large","max-video-preview":"max-video-preview:-1"},"canonical":"https:\/\/kasana.bio\/nl\/product\/cashewnoot\/biologische\/","og_locale":"nl_NL","og_type":"article","og_title":"Noix de Cajou Nature enti\u00e8re - Kasana Bio","og_description":"Les noix de cajou nature enti\u00e8re de Kasana sont disponibles en seaux consign\u00e9s de 6kg, en poche de 12kg ou en carton de 24kg.","og_url":"https:\/\/kasana.bio\/nl\/product\/cashewnoot\/biologische\/","og_site_name":"Kasana Bio","article_modified_time":"2022-10-10T12:27:05+00:00","og_image":[{"width":859,"height":1024,"url":"https:\/\/kasana.bio\/wp-content\/uploads\/2022\/01\/Nature_retouche-1-859x1024.png","type":"image\/png"}],"twitter_card":"summary_large_image","schema":{"@context":"https:\/\/schema.org","@graph":[{"@type":"WebPage","@id":"https:\/\/kasana.bio\/nl\/product\/cashewnoot\/biologische\/","url":"https:\/\/kasana.bio\/nl\/product\/cashewnoot\/biologische\/","name":"Noix de Cajou Nature enti\u00e8re - Kasana Bio","isPartOf":{"@id":"https:\/\/kasana.bio\/nl\/#website"},"datePublished":"2021-11-17T10:32:04+00:00","dateModified":"2022-10-10T12:27:05+00:00","description":"Les noix de cajou nature enti\u00e8re de Kasana sont disponibles en seaux consign\u00e9s de 6kg, en poche de 12kg ou en carton de 24kg.","breadcrumb":{"@id":"https:\/\/kasana.bio\/nl\/product\/cashewnoot\/biologische\/#breadcrumb"},"inLanguage":"nl","potentialAction":[{"@type":"ReadAction","target":["https:\/\/kasana.bio\/nl\/product\/cashewnoot\/biologische\/"]}]},{"@type":"BreadcrumbList","@id":"https:\/\/kasana.bio\/nl\/product\/cashewnoot\/biologische\/#breadcrumb","itemListElement":[{"@type":"ListItem","position":1,"name":"Accueil","item":"https:\/\/kasana.bio\/nl\/"},{"@type":"ListItem","position":2,"name":"Product","item":"https:\/\/kasana.bio\/nl\/product\/"},{"@type":"ListItem","position":3,"name":"CASHEWNOOT","item":"https:\/\/kasana.bio\/nl\/product\/cashewnoot\/"},{"@type":"ListItem","position":4,"name":"NATUUR"}]},{"@type":"WebSite","@id":"https:\/\/kasana.bio\/nl\/#website","url":"https:\/\/kasana.bio\/nl\/","name":"Kasana Bio","description":"","publisher":{"@id":"https:\/\/kasana.bio\/nl\/#organization"},"potentialAction":[{"@type":"SearchAction","target":{"@type":"EntryPoint","urlTemplate":"https:\/\/kasana.bio\/nl\/?s={search_term_string}"},"query-input":{"@type":"PropertyValueSpecification","valueRequired":true,"valueName":"search_term_string"}}],"inLanguage":"nl"},{"@type":"Organization","@id":"https:\/\/kasana.bio\/nl\/#organization","name":"Kasana Bio","url":"https:\/\/kasana.bio\/nl\/","logo":{"@type":"ImageObject","inLanguage":"nl","@id":"https:\/\/kasana.bio\/nl\/#\/schema\/logo\/image\/","url":"https:\/\/kasana.bio\/wp-content\/uploads\/2021\/12\/Kasana-importateur-fruits-secs-bio.png","contentUrl":"https:\/\/kasana.bio\/wp-content\/uploads\/2021\/12\/Kasana-importateur-fruits-secs-bio.png","width":7351,"height":1400,"caption":"Kasana Bio"},"image":{"@id":"https:\/\/kasana.bio\/nl\/#\/schema\/logo\/image\/"}}]}},"_links":{"self":[{"href":"https:\/\/kasana.bio\/nl\/wp-json\/wp\/v2\/pages\/9344","targetHints":{"allow":["GET"]}}],"collection":[{"href":"https:\/\/kasana.bio\/nl\/wp-json\/wp\/v2\/pages"}],"about":[{"href":"https:\/\/kasana.bio\/nl\/wp-json\/wp\/v2\/types\/page"}],"author":[{"embeddable":true,"href":"https:\/\/kasana.bio\/nl\/wp-json\/wp\/v2\/users\/2"}],"replies":[{"embeddable":true,"href":"https:\/\/kasana.bio\/nl\/wp-json\/wp\/v2\/comments?post=9344"}],"version-history":[{"count":0,"href":"https:\/\/kasana.bio\/nl\/wp-json\/wp\/v2\/pages\/9344\/revisions"}],"up":[{"embeddable":true,"href":"https:\/\/kasana.bio\/nl\/wp-json\/wp\/v2\/pages\/9286"}],"wp:attachment":[{"href":"https:\/\/kasana.bio\/nl\/wp-json\/wp\/v2\/media?parent=9344"}],"wp:term":[{"taxonomy":"category","embeddable":true,"href":"https:\/\/kasana.bio\/nl\/wp-json\/wp\/v2\/categories?post=9344"},{"taxonomy":"post_tag","embeddable":true,"href":"https:\/\/kasana.bio\/nl\/wp-json\/wp\/v2\/tags?post=9344"}],"curies":[{"name":"wp","href":"https:\/\/api.w.org\/{rel}","templated":true}]}}