{"id":9356,"date":"2021-11-23T16:13:15","date_gmt":"2021-11-23T15:13:15","guid":{"rendered":"http:\/\/kasana.bio\/cashewnoot\/tamari\/"},"modified":"2022-05-25T13:10:52","modified_gmt":"2022-05-25T11:10:52","slug":"tamari","status":"publish","type":"page","link":"https:\/\/kasana.bio\/nl\/product\/cashewnoot\/tamari\/","title":{"rendered":"Tamari"},"content":{"rendered":"\n<p>Onze tamari geroosterde cashewnoten zijn knapperig, licht gekarameliseerd en natuurlijk gezout dankzij tamari, een saus die gemaakt is van sojabonen.<\/p>\n\n\n\n<p>Onze cashewnoten worden in Burkina Faso geoogst en gepeld door een co\u00f6peratie van 300 lokale producenten. Daarna worden ze naar ons atelier in Belgi\u00eb vervoerd, waar ze worden geroosterd zonder olie en op smaak gebracht met 100% natuurlijke ingredi\u00ebnten. Het gezonde aperitief waar iedereen van houdt!<\/p>\n","protected":false},"excerpt":{"rendered":"<p>Onze tamari geroosterde cashewnoten zijn knapperig, licht gekarameliseerd en natuurlijk gezout dankzij tamari, een saus die gemaakt is van sojabonen. Onze cashewnoten worden in Burkina Faso geoogst en gepeld door een co\u00f6peratie van 300 lokale producenten. Daarna worden ze naar ons atelier in Belgi\u00eb vervoerd, waar ze worden geroosterd zonder olie en op smaak gebracht [&hellip;]<\/p>\n","protected":false},"author":2,"featured_media":8717,"parent":9286,"menu_order":6,"comment_status":"closed","ping_status":"closed","template":"template\/template_produits.php","meta":{"_acf_changed":false,"footnotes":""},"categories":[42],"tags":[],"class_list":["post-9356","page","type-page","status-publish","has-post-thumbnail","hentry","category-geroosterde-cashewnoten"],"acf":[],"yoast_head":"<!-- This site is optimized with the Yoast SEO plugin v24.5 - https:\/\/yoast.com\/wordpress\/plugins\/seo\/ -->\n<title>Tamari geroosterde cashewnoten - Kasana Bio<\/title>\n<meta name=\"description\" content=\"Onze geroosterde cashewnoten met tamari zijn verkrijgbaar in emmers van 6 kg die kunnen worden teruggenomen (zero-waste logistiek).\" \/>\n<meta name=\"robots\" content=\"index, follow, max-snippet:-1, max-image-preview:large, max-video-preview:-1\" \/>\n<link rel=\"canonical\" href=\"https:\/\/kasana.bio\/nl\/product\/cashewnoot\/tamari\/\" \/>\n<meta property=\"og:locale\" content=\"nl_NL\" \/>\n<meta property=\"og:type\" content=\"article\" \/>\n<meta property=\"og:title\" content=\"Tamari geroosterde cashewnoten - Kasana Bio\" \/>\n<meta property=\"og:description\" content=\"Onze geroosterde cashewnoten met tamari zijn verkrijgbaar in emmers van 6 kg die kunnen worden teruggenomen (zero-waste logistiek).\" \/>\n<meta property=\"og:url\" content=\"https:\/\/kasana.bio\/nl\/product\/cashewnoot\/tamari\/\" \/>\n<meta property=\"og:site_name\" content=\"Kasana Bio\" \/>\n<meta property=\"article:modified_time\" content=\"2022-05-25T11:10:52+00:00\" \/>\n<meta property=\"og:image\" content=\"https:\/\/kasana.bio\/wp-content\/uploads\/2022\/01\/Tamari_transparent-859x1024.png\" \/>\n\t<meta property=\"og:image:width\" content=\"859\" \/>\n\t<meta property=\"og:image:height\" content=\"1024\" \/>\n\t<meta property=\"og:image:type\" content=\"image\/png\" \/>\n<meta name=\"twitter:card\" content=\"summary_large_image\" \/>\n<meta name=\"twitter:label1\" content=\"Geschatte leestijd\" \/>\n\t<meta name=\"twitter:data1\" content=\"1 minuut\" \/>\n<script type=\"application\/ld+json\" class=\"yoast-schema-graph\">{\"@context\":\"https:\/\/schema.org\",\"@graph\":[{\"@type\":\"WebPage\",\"@id\":\"https:\/\/kasana.bio\/nl\/product\/cashewnoot\/tamari\/\",\"url\":\"https:\/\/kasana.bio\/nl\/product\/cashewnoot\/tamari\/\",\"name\":\"Tamari geroosterde cashewnoten - Kasana Bio\",\"isPartOf\":{\"@id\":\"https:\/\/kasana.bio\/nl\/#website\"},\"primaryImageOfPage\":{\"@id\":\"https:\/\/kasana.bio\/nl\/product\/cashewnoot\/tamari\/#primaryimage\"},\"image\":{\"@id\":\"https:\/\/kasana.bio\/nl\/product\/cashewnoot\/tamari\/#primaryimage\"},\"thumbnailUrl\":\"https:\/\/kasana.bio\/wp-content\/uploads\/2022\/01\/Noix-de-cajou-grillees-au-Tamari.png\",\"datePublished\":\"2021-11-23T15:13:15+00:00\",\"dateModified\":\"2022-05-25T11:10:52+00:00\",\"description\":\"Onze geroosterde cashewnoten met tamari zijn verkrijgbaar in emmers van 6 kg die kunnen worden teruggenomen (zero-waste logistiek).\",\"breadcrumb\":{\"@id\":\"https:\/\/kasana.bio\/nl\/product\/cashewnoot\/tamari\/#breadcrumb\"},\"inLanguage\":\"nl\",\"potentialAction\":[{\"@type\":\"ReadAction\",\"target\":[\"https:\/\/kasana.bio\/nl\/product\/cashewnoot\/tamari\/\"]}]},{\"@type\":\"ImageObject\",\"inLanguage\":\"nl\",\"@id\":\"https:\/\/kasana.bio\/nl\/product\/cashewnoot\/tamari\/#primaryimage\",\"url\":\"https:\/\/kasana.bio\/wp-content\/uploads\/2022\/01\/Noix-de-cajou-grillees-au-Tamari.png\",\"contentUrl\":\"https:\/\/kasana.bio\/wp-content\/uploads\/2022\/01\/Noix-de-cajou-grillees-au-Tamari.png\",\"width\":3402,\"height\":4054,\"caption\":\"Noix de cajou grill\u00e9es au Tamari\"},{\"@type\":\"BreadcrumbList\",\"@id\":\"https:\/\/kasana.bio\/nl\/product\/cashewnoot\/tamari\/#breadcrumb\",\"itemListElement\":[{\"@type\":\"ListItem\",\"position\":1,\"name\":\"Accueil\",\"item\":\"https:\/\/kasana.bio\/nl\/\"},{\"@type\":\"ListItem\",\"position\":2,\"name\":\"Product\",\"item\":\"https:\/\/kasana.bio\/nl\/product\/\"},{\"@type\":\"ListItem\",\"position\":3,\"name\":\"CASHEWNOOT\",\"item\":\"https:\/\/kasana.bio\/nl\/product\/cashewnoot\/\"},{\"@type\":\"ListItem\",\"position\":4,\"name\":\"Tamari\"}]},{\"@type\":\"WebSite\",\"@id\":\"https:\/\/kasana.bio\/nl\/#website\",\"url\":\"https:\/\/kasana.bio\/nl\/\",\"name\":\"Kasana Bio\",\"description\":\"\",\"publisher\":{\"@id\":\"https:\/\/kasana.bio\/nl\/#organization\"},\"potentialAction\":[{\"@type\":\"SearchAction\",\"target\":{\"@type\":\"EntryPoint\",\"urlTemplate\":\"https:\/\/kasana.bio\/nl\/?s={search_term_string}\"},\"query-input\":{\"@type\":\"PropertyValueSpecification\",\"valueRequired\":true,\"valueName\":\"search_term_string\"}}],\"inLanguage\":\"nl\"},{\"@type\":\"Organization\",\"@id\":\"https:\/\/kasana.bio\/nl\/#organization\",\"name\":\"Kasana Bio\",\"url\":\"https:\/\/kasana.bio\/nl\/\",\"logo\":{\"@type\":\"ImageObject\",\"inLanguage\":\"nl\",\"@id\":\"https:\/\/kasana.bio\/nl\/#\/schema\/logo\/image\/\",\"url\":\"https:\/\/kasana.bio\/wp-content\/uploads\/2021\/12\/Kasana-importateur-fruits-secs-bio.png\",\"contentUrl\":\"https:\/\/kasana.bio\/wp-content\/uploads\/2021\/12\/Kasana-importateur-fruits-secs-bio.png\",\"width\":7351,\"height\":1400,\"caption\":\"Kasana Bio\"},\"image\":{\"@id\":\"https:\/\/kasana.bio\/nl\/#\/schema\/logo\/image\/\"}}]}<\/script>\n<!-- \/ Yoast SEO plugin. -->","yoast_head_json":{"title":"Tamari geroosterde cashewnoten - Kasana Bio","description":"Onze geroosterde cashewnoten met tamari zijn verkrijgbaar in emmers van 6 kg die kunnen worden teruggenomen (zero-waste logistiek).","robots":{"index":"index","follow":"follow","max-snippet":"max-snippet:-1","max-image-preview":"max-image-preview:large","max-video-preview":"max-video-preview:-1"},"canonical":"https:\/\/kasana.bio\/nl\/product\/cashewnoot\/tamari\/","og_locale":"nl_NL","og_type":"article","og_title":"Tamari geroosterde cashewnoten - Kasana Bio","og_description":"Onze geroosterde cashewnoten met tamari zijn verkrijgbaar in emmers van 6 kg die kunnen worden teruggenomen (zero-waste logistiek).","og_url":"https:\/\/kasana.bio\/nl\/product\/cashewnoot\/tamari\/","og_site_name":"Kasana Bio","article_modified_time":"2022-05-25T11:10:52+00:00","og_image":[{"width":859,"height":1024,"url":"https:\/\/kasana.bio\/wp-content\/uploads\/2022\/01\/Tamari_transparent-859x1024.png","type":"image\/png"}],"twitter_card":"summary_large_image","twitter_misc":{"Geschatte leestijd":"1 minuut"},"schema":{"@context":"https:\/\/schema.org","@graph":[{"@type":"WebPage","@id":"https:\/\/kasana.bio\/nl\/product\/cashewnoot\/tamari\/","url":"https:\/\/kasana.bio\/nl\/product\/cashewnoot\/tamari\/","name":"Tamari geroosterde cashewnoten - Kasana Bio","isPartOf":{"@id":"https:\/\/kasana.bio\/nl\/#website"},"primaryImageOfPage":{"@id":"https:\/\/kasana.bio\/nl\/product\/cashewnoot\/tamari\/#primaryimage"},"image":{"@id":"https:\/\/kasana.bio\/nl\/product\/cashewnoot\/tamari\/#primaryimage"},"thumbnailUrl":"https:\/\/kasana.bio\/wp-content\/uploads\/2022\/01\/Noix-de-cajou-grillees-au-Tamari.png","datePublished":"2021-11-23T15:13:15+00:00","dateModified":"2022-05-25T11:10:52+00:00","description":"Onze geroosterde cashewnoten met tamari zijn verkrijgbaar in emmers van 6 kg die kunnen worden teruggenomen (zero-waste logistiek).","breadcrumb":{"@id":"https:\/\/kasana.bio\/nl\/product\/cashewnoot\/tamari\/#breadcrumb"},"inLanguage":"nl","potentialAction":[{"@type":"ReadAction","target":["https:\/\/kasana.bio\/nl\/product\/cashewnoot\/tamari\/"]}]},{"@type":"ImageObject","inLanguage":"nl","@id":"https:\/\/kasana.bio\/nl\/product\/cashewnoot\/tamari\/#primaryimage","url":"https:\/\/kasana.bio\/wp-content\/uploads\/2022\/01\/Noix-de-cajou-grillees-au-Tamari.png","contentUrl":"https:\/\/kasana.bio\/wp-content\/uploads\/2022\/01\/Noix-de-cajou-grillees-au-Tamari.png","width":3402,"height":4054,"caption":"Noix de cajou grill\u00e9es au Tamari"},{"@type":"BreadcrumbList","@id":"https:\/\/kasana.bio\/nl\/product\/cashewnoot\/tamari\/#breadcrumb","itemListElement":[{"@type":"ListItem","position":1,"name":"Accueil","item":"https:\/\/kasana.bio\/nl\/"},{"@type":"ListItem","position":2,"name":"Product","item":"https:\/\/kasana.bio\/nl\/product\/"},{"@type":"ListItem","position":3,"name":"CASHEWNOOT","item":"https:\/\/kasana.bio\/nl\/product\/cashewnoot\/"},{"@type":"ListItem","position":4,"name":"Tamari"}]},{"@type":"WebSite","@id":"https:\/\/kasana.bio\/nl\/#website","url":"https:\/\/kasana.bio\/nl\/","name":"Kasana Bio","description":"","publisher":{"@id":"https:\/\/kasana.bio\/nl\/#organization"},"potentialAction":[{"@type":"SearchAction","target":{"@type":"EntryPoint","urlTemplate":"https:\/\/kasana.bio\/nl\/?s={search_term_string}"},"query-input":{"@type":"PropertyValueSpecification","valueRequired":true,"valueName":"search_term_string"}}],"inLanguage":"nl"},{"@type":"Organization","@id":"https:\/\/kasana.bio\/nl\/#organization","name":"Kasana Bio","url":"https:\/\/kasana.bio\/nl\/","logo":{"@type":"ImageObject","inLanguage":"nl","@id":"https:\/\/kasana.bio\/nl\/#\/schema\/logo\/image\/","url":"https:\/\/kasana.bio\/wp-content\/uploads\/2021\/12\/Kasana-importateur-fruits-secs-bio.png","contentUrl":"https:\/\/kasana.bio\/wp-content\/uploads\/2021\/12\/Kasana-importateur-fruits-secs-bio.png","width":7351,"height":1400,"caption":"Kasana Bio"},"image":{"@id":"https:\/\/kasana.bio\/nl\/#\/schema\/logo\/image\/"}}]}},"_links":{"self":[{"href":"https:\/\/kasana.bio\/nl\/wp-json\/wp\/v2\/pages\/9356","targetHints":{"allow":["GET"]}}],"collection":[{"href":"https:\/\/kasana.bio\/nl\/wp-json\/wp\/v2\/pages"}],"about":[{"href":"https:\/\/kasana.bio\/nl\/wp-json\/wp\/v2\/types\/page"}],"author":[{"embeddable":true,"href":"https:\/\/kasana.bio\/nl\/wp-json\/wp\/v2\/users\/2"}],"replies":[{"embeddable":true,"href":"https:\/\/kasana.bio\/nl\/wp-json\/wp\/v2\/comments?post=9356"}],"version-history":[{"count":0,"href":"https:\/\/kasana.bio\/nl\/wp-json\/wp\/v2\/pages\/9356\/revisions"}],"up":[{"embeddable":true,"href":"https:\/\/kasana.bio\/nl\/wp-json\/wp\/v2\/pages\/9286"}],"wp:featuredmedia":[{"embeddable":true,"href":"https:\/\/kasana.bio\/nl\/wp-json\/wp\/v2\/media\/8717"}],"wp:attachment":[{"href":"https:\/\/kasana.bio\/nl\/wp-json\/wp\/v2\/media?parent=9356"}],"wp:term":[{"taxonomy":"category","embeddable":true,"href":"https:\/\/kasana.bio\/nl\/wp-json\/wp\/v2\/categories?post=9356"},{"taxonomy":"post_tag","embeddable":true,"href":"https:\/\/kasana.bio\/nl\/wp-json\/wp\/v2\/tags?post=9356"}],"curies":[{"name":"wp","href":"https:\/\/api.w.org\/{rel}","templated":true}]}}