{"id":9364,"date":"2021-11-23T16:37:12","date_gmt":"2021-11-23T15:37:12","guid":{"rendered":"http:\/\/kasana.bio\/cashewnoot\/tamari-nori-sesam\/"},"modified":"2022-05-30T08:33:09","modified_gmt":"2022-05-30T06:33:09","slug":"tamari-nori-sesam","status":"publish","type":"page","link":"https:\/\/kasana.bio\/nl\/product\/cashewnoot\/tamari-nori-sesam\/","title":{"rendered":"TAMARI NORI SESAM"},"content":{"rendered":"\n<p>Onze tamari, nori en sesam cashewnoten zijn niet alleen heerlijk, het zijn ook de meest originele geroosterde cashewnoten&#8230; Een lekker en gezond aperitief waar iedereen van houdt!<\/p>\n\n<p>Onze cashewnoten worden in Burkina Faso geoogst en gepeld door een co\u00f6peratie van 300 lokale producenten. Daarna worden ze naar ons atelier in Belgi\u00eb vervoerd, waar ze worden geroosterd zonder olie en op smaak gebracht met 100% natuurlijke ingredi\u00ebnten. Het gezonde aperitief waar iedereen van houdt!<\/p>\n","protected":false},"excerpt":{"rendered":"<p>Onze tamari, nori en sesam cashewnoten zijn niet alleen heerlijk, het zijn ook de meest originele geroosterde cashewnoten&#8230; Een lekker en gezond aperitief waar iedereen van houdt! Onze cashewnoten worden in Burkina Faso geoogst en gepeld door een co\u00f6peratie van 300 lokale producenten. Daarna worden ze naar ons atelier in Belgi\u00eb vervoerd, waar ze worden [&hellip;]<\/p>\n","protected":false},"author":2,"featured_media":8700,"parent":9286,"menu_order":25,"comment_status":"closed","ping_status":"closed","template":"template\/template_produits.php","meta":{"_acf_changed":false,"footnotes":""},"categories":[42,30],"tags":[],"class_list":["post-9364","page","type-page","status-publish","has-post-thumbnail","hentry","category-geroosterde-cashewnoten","category-noix-de-cajou-aperitives"],"acf":[],"yoast_head":"<!-- This site is optimized with the Yoast SEO plugin v24.5 - https:\/\/yoast.com\/wordpress\/plugins\/seo\/ -->\n<title>Geroosterde Cashewnoten met Nori en Sesam - Kasana Bio<\/title>\n<meta name=\"description\" content=\"Kasana geroosterde cashewnoten met tamari en nori en sesam zijn verkrijgbaar in zakjes van 165 gram of in emmers van 6 kg die kunnen worden teruggenomen.\" \/>\n<meta name=\"robots\" content=\"index, follow, max-snippet:-1, max-image-preview:large, max-video-preview:-1\" \/>\n<link rel=\"canonical\" href=\"https:\/\/kasana.bio\/nl\/product\/cashewnoot\/tamari-nori-sesam\/\" \/>\n<meta property=\"og:locale\" content=\"nl_NL\" \/>\n<meta property=\"og:type\" content=\"article\" \/>\n<meta property=\"og:title\" content=\"Geroosterde Cashewnoten met Nori en Sesam - Kasana Bio\" \/>\n<meta property=\"og:description\" content=\"Kasana geroosterde cashewnoten met tamari en nori en sesam zijn verkrijgbaar in zakjes van 165 gram of in emmers van 6 kg die kunnen worden teruggenomen.\" \/>\n<meta property=\"og:url\" content=\"https:\/\/kasana.bio\/nl\/product\/cashewnoot\/tamari-nori-sesam\/\" \/>\n<meta property=\"og:site_name\" content=\"Kasana Bio\" \/>\n<meta property=\"article:modified_time\" content=\"2022-05-30T06:33:09+00:00\" \/>\n<meta property=\"og:image\" content=\"https:\/\/kasana.bio\/wp-content\/uploads\/2022\/01\/Nori_transparent-859x1024.png\" \/>\n\t<meta property=\"og:image:width\" content=\"859\" \/>\n\t<meta property=\"og:image:height\" content=\"1024\" \/>\n\t<meta property=\"og:image:type\" content=\"image\/png\" \/>\n<meta name=\"twitter:card\" content=\"summary_large_image\" \/>\n<meta name=\"twitter:label1\" content=\"Geschatte leestijd\" \/>\n\t<meta name=\"twitter:data1\" content=\"1 minuut\" \/>\n<script type=\"application\/ld+json\" class=\"yoast-schema-graph\">{\"@context\":\"https:\/\/schema.org\",\"@graph\":[{\"@type\":\"WebPage\",\"@id\":\"https:\/\/kasana.bio\/nl\/product\/cashewnoot\/tamari-nori-sesam\/\",\"url\":\"https:\/\/kasana.bio\/nl\/product\/cashewnoot\/tamari-nori-sesam\/\",\"name\":\"Geroosterde Cashewnoten met Nori en Sesam - Kasana Bio\",\"isPartOf\":{\"@id\":\"https:\/\/kasana.bio\/nl\/#website\"},\"primaryImageOfPage\":{\"@id\":\"https:\/\/kasana.bio\/nl\/product\/cashewnoot\/tamari-nori-sesam\/#primaryimage\"},\"image\":{\"@id\":\"https:\/\/kasana.bio\/nl\/product\/cashewnoot\/tamari-nori-sesam\/#primaryimage\"},\"thumbnailUrl\":\"https:\/\/kasana.bio\/wp-content\/uploads\/2022\/01\/Noix-de-cajou-grillees-au-nori-et-sesame.png\",\"datePublished\":\"2021-11-23T15:37:12+00:00\",\"dateModified\":\"2022-05-30T06:33:09+00:00\",\"description\":\"Kasana geroosterde cashewnoten met tamari en nori en sesam zijn verkrijgbaar in zakjes van 165 gram of in emmers van 6 kg die kunnen worden teruggenomen.\",\"breadcrumb\":{\"@id\":\"https:\/\/kasana.bio\/nl\/product\/cashewnoot\/tamari-nori-sesam\/#breadcrumb\"},\"inLanguage\":\"nl\",\"potentialAction\":[{\"@type\":\"ReadAction\",\"target\":[\"https:\/\/kasana.bio\/nl\/product\/cashewnoot\/tamari-nori-sesam\/\"]}]},{\"@type\":\"ImageObject\",\"inLanguage\":\"nl\",\"@id\":\"https:\/\/kasana.bio\/nl\/product\/cashewnoot\/tamari-nori-sesam\/#primaryimage\",\"url\":\"https:\/\/kasana.bio\/wp-content\/uploads\/2022\/01\/Noix-de-cajou-grillees-au-nori-et-sesame.png\",\"contentUrl\":\"https:\/\/kasana.bio\/wp-content\/uploads\/2022\/01\/Noix-de-cajou-grillees-au-nori-et-sesame.png\",\"width\":3402,\"height\":4054,\"caption\":\"Noix de cajou grill\u00e9es au nori et s\u00e9same\"},{\"@type\":\"BreadcrumbList\",\"@id\":\"https:\/\/kasana.bio\/nl\/product\/cashewnoot\/tamari-nori-sesam\/#breadcrumb\",\"itemListElement\":[{\"@type\":\"ListItem\",\"position\":1,\"name\":\"Accueil\",\"item\":\"https:\/\/kasana.bio\/nl\/\"},{\"@type\":\"ListItem\",\"position\":2,\"name\":\"Product\",\"item\":\"https:\/\/kasana.bio\/nl\/product\/\"},{\"@type\":\"ListItem\",\"position\":3,\"name\":\"CASHEWNOOT\",\"item\":\"https:\/\/kasana.bio\/nl\/product\/cashewnoot\/\"},{\"@type\":\"ListItem\",\"position\":4,\"name\":\"TAMARI NORI SESAM\"}]},{\"@type\":\"WebSite\",\"@id\":\"https:\/\/kasana.bio\/nl\/#website\",\"url\":\"https:\/\/kasana.bio\/nl\/\",\"name\":\"Kasana Bio\",\"description\":\"\",\"publisher\":{\"@id\":\"https:\/\/kasana.bio\/nl\/#organization\"},\"potentialAction\":[{\"@type\":\"SearchAction\",\"target\":{\"@type\":\"EntryPoint\",\"urlTemplate\":\"https:\/\/kasana.bio\/nl\/?s={search_term_string}\"},\"query-input\":{\"@type\":\"PropertyValueSpecification\",\"valueRequired\":true,\"valueName\":\"search_term_string\"}}],\"inLanguage\":\"nl\"},{\"@type\":\"Organization\",\"@id\":\"https:\/\/kasana.bio\/nl\/#organization\",\"name\":\"Kasana Bio\",\"url\":\"https:\/\/kasana.bio\/nl\/\",\"logo\":{\"@type\":\"ImageObject\",\"inLanguage\":\"nl\",\"@id\":\"https:\/\/kasana.bio\/nl\/#\/schema\/logo\/image\/\",\"url\":\"https:\/\/kasana.bio\/wp-content\/uploads\/2021\/12\/Kasana-importateur-fruits-secs-bio.png\",\"contentUrl\":\"https:\/\/kasana.bio\/wp-content\/uploads\/2021\/12\/Kasana-importateur-fruits-secs-bio.png\",\"width\":7351,\"height\":1400,\"caption\":\"Kasana Bio\"},\"image\":{\"@id\":\"https:\/\/kasana.bio\/nl\/#\/schema\/logo\/image\/\"}}]}<\/script>\n<!-- \/ Yoast SEO plugin. -->","yoast_head_json":{"title":"Geroosterde Cashewnoten met Nori en Sesam - Kasana Bio","description":"Kasana geroosterde cashewnoten met tamari en nori en sesam zijn verkrijgbaar in zakjes van 165 gram of in emmers van 6 kg die kunnen worden teruggenomen.","robots":{"index":"index","follow":"follow","max-snippet":"max-snippet:-1","max-image-preview":"max-image-preview:large","max-video-preview":"max-video-preview:-1"},"canonical":"https:\/\/kasana.bio\/nl\/product\/cashewnoot\/tamari-nori-sesam\/","og_locale":"nl_NL","og_type":"article","og_title":"Geroosterde Cashewnoten met Nori en Sesam - Kasana Bio","og_description":"Kasana geroosterde cashewnoten met tamari en nori en sesam zijn verkrijgbaar in zakjes van 165 gram of in emmers van 6 kg die kunnen worden teruggenomen.","og_url":"https:\/\/kasana.bio\/nl\/product\/cashewnoot\/tamari-nori-sesam\/","og_site_name":"Kasana Bio","article_modified_time":"2022-05-30T06:33:09+00:00","og_image":[{"width":859,"height":1024,"url":"https:\/\/kasana.bio\/wp-content\/uploads\/2022\/01\/Nori_transparent-859x1024.png","type":"image\/png"}],"twitter_card":"summary_large_image","twitter_misc":{"Geschatte leestijd":"1 minuut"},"schema":{"@context":"https:\/\/schema.org","@graph":[{"@type":"WebPage","@id":"https:\/\/kasana.bio\/nl\/product\/cashewnoot\/tamari-nori-sesam\/","url":"https:\/\/kasana.bio\/nl\/product\/cashewnoot\/tamari-nori-sesam\/","name":"Geroosterde Cashewnoten met Nori en Sesam - Kasana Bio","isPartOf":{"@id":"https:\/\/kasana.bio\/nl\/#website"},"primaryImageOfPage":{"@id":"https:\/\/kasana.bio\/nl\/product\/cashewnoot\/tamari-nori-sesam\/#primaryimage"},"image":{"@id":"https:\/\/kasana.bio\/nl\/product\/cashewnoot\/tamari-nori-sesam\/#primaryimage"},"thumbnailUrl":"https:\/\/kasana.bio\/wp-content\/uploads\/2022\/01\/Noix-de-cajou-grillees-au-nori-et-sesame.png","datePublished":"2021-11-23T15:37:12+00:00","dateModified":"2022-05-30T06:33:09+00:00","description":"Kasana geroosterde cashewnoten met tamari en nori en sesam zijn verkrijgbaar in zakjes van 165 gram of in emmers van 6 kg die kunnen worden teruggenomen.","breadcrumb":{"@id":"https:\/\/kasana.bio\/nl\/product\/cashewnoot\/tamari-nori-sesam\/#breadcrumb"},"inLanguage":"nl","potentialAction":[{"@type":"ReadAction","target":["https:\/\/kasana.bio\/nl\/product\/cashewnoot\/tamari-nori-sesam\/"]}]},{"@type":"ImageObject","inLanguage":"nl","@id":"https:\/\/kasana.bio\/nl\/product\/cashewnoot\/tamari-nori-sesam\/#primaryimage","url":"https:\/\/kasana.bio\/wp-content\/uploads\/2022\/01\/Noix-de-cajou-grillees-au-nori-et-sesame.png","contentUrl":"https:\/\/kasana.bio\/wp-content\/uploads\/2022\/01\/Noix-de-cajou-grillees-au-nori-et-sesame.png","width":3402,"height":4054,"caption":"Noix de cajou grill\u00e9es au nori et s\u00e9same"},{"@type":"BreadcrumbList","@id":"https:\/\/kasana.bio\/nl\/product\/cashewnoot\/tamari-nori-sesam\/#breadcrumb","itemListElement":[{"@type":"ListItem","position":1,"name":"Accueil","item":"https:\/\/kasana.bio\/nl\/"},{"@type":"ListItem","position":2,"name":"Product","item":"https:\/\/kasana.bio\/nl\/product\/"},{"@type":"ListItem","position":3,"name":"CASHEWNOOT","item":"https:\/\/kasana.bio\/nl\/product\/cashewnoot\/"},{"@type":"ListItem","position":4,"name":"TAMARI NORI SESAM"}]},{"@type":"WebSite","@id":"https:\/\/kasana.bio\/nl\/#website","url":"https:\/\/kasana.bio\/nl\/","name":"Kasana Bio","description":"","publisher":{"@id":"https:\/\/kasana.bio\/nl\/#organization"},"potentialAction":[{"@type":"SearchAction","target":{"@type":"EntryPoint","urlTemplate":"https:\/\/kasana.bio\/nl\/?s={search_term_string}"},"query-input":{"@type":"PropertyValueSpecification","valueRequired":true,"valueName":"search_term_string"}}],"inLanguage":"nl"},{"@type":"Organization","@id":"https:\/\/kasana.bio\/nl\/#organization","name":"Kasana Bio","url":"https:\/\/kasana.bio\/nl\/","logo":{"@type":"ImageObject","inLanguage":"nl","@id":"https:\/\/kasana.bio\/nl\/#\/schema\/logo\/image\/","url":"https:\/\/kasana.bio\/wp-content\/uploads\/2021\/12\/Kasana-importateur-fruits-secs-bio.png","contentUrl":"https:\/\/kasana.bio\/wp-content\/uploads\/2021\/12\/Kasana-importateur-fruits-secs-bio.png","width":7351,"height":1400,"caption":"Kasana Bio"},"image":{"@id":"https:\/\/kasana.bio\/nl\/#\/schema\/logo\/image\/"}}]}},"_links":{"self":[{"href":"https:\/\/kasana.bio\/nl\/wp-json\/wp\/v2\/pages\/9364","targetHints":{"allow":["GET"]}}],"collection":[{"href":"https:\/\/kasana.bio\/nl\/wp-json\/wp\/v2\/pages"}],"about":[{"href":"https:\/\/kasana.bio\/nl\/wp-json\/wp\/v2\/types\/page"}],"author":[{"embeddable":true,"href":"https:\/\/kasana.bio\/nl\/wp-json\/wp\/v2\/users\/2"}],"replies":[{"embeddable":true,"href":"https:\/\/kasana.bio\/nl\/wp-json\/wp\/v2\/comments?post=9364"}],"version-history":[{"count":0,"href":"https:\/\/kasana.bio\/nl\/wp-json\/wp\/v2\/pages\/9364\/revisions"}],"up":[{"embeddable":true,"href":"https:\/\/kasana.bio\/nl\/wp-json\/wp\/v2\/pages\/9286"}],"wp:featuredmedia":[{"embeddable":true,"href":"https:\/\/kasana.bio\/nl\/wp-json\/wp\/v2\/media\/8700"}],"wp:attachment":[{"href":"https:\/\/kasana.bio\/nl\/wp-json\/wp\/v2\/media?parent=9364"}],"wp:term":[{"taxonomy":"category","embeddable":true,"href":"https:\/\/kasana.bio\/nl\/wp-json\/wp\/v2\/categories?post=9364"},{"taxonomy":"post_tag","embeddable":true,"href":"https:\/\/kasana.bio\/nl\/wp-json\/wp\/v2\/tags?post=9364"}],"curies":[{"name":"wp","href":"https:\/\/api.w.org\/{rel}","templated":true}]}}